{"id":2109,"date":"2025-05-05T07:37:12","date_gmt":"2025-05-05T07:37:12","guid":{"rendered":"https:\/\/www.finmatec.fi\/food-processing\/?post_type=product&#038;p=2109"},"modified":"2026-02-19T15:44:07","modified_gmt":"2026-02-19T15:44:07","slug":"combibreaker-mini-titan","status":"publish","type":"product","link":"https:\/\/www.finmatec.fi\/food-processing\/product\/combibreaker-mini-titan\/","title":{"rendered":"CombiBreaker Mini Titan"},"content":{"rendered":"<div>\n<div class=\"entry-content-asset videofit\"><iframe loading=\"lazy\" title=\"Frozen block Breaker &amp; Bone Crushing Machine | CombiBreaker Mini Titan by Finmatec\" width=\"720\" height=\"405\" src=\"https:\/\/www.youtube.com\/embed\/gvM7AcD81z4?feature=oembed\" frameborder=\"0\" allow=\"accelerometer; autoplay; clipboard-write; encrypted-media; gyroscope; picture-in-picture; web-share\" referrerpolicy=\"strict-origin-when-cross-origin\" allowfullscreen><\/iframe><\/div>\n<p>The CombiBreaker Mini Titan &#8211; <a href=\"https:\/\/www.youtube.com\/watch?v=gvM7AcD81z4\" target=\"_blank\" rel=\"noopener\">Frozen block Breaker &amp; Bone Crushing Machine<\/a> is the right choice for high performance for processing frozen blocks and bones in the processing line.<br \/>\nThe characteristics of this breaker is: very strong design, powerful cut with very low energy consumption, very high reliability.<br \/>\nThe frame and main shaft is manufactured in stainless steel EN 1.4301 (AISI 304). The robust construction gives it durability and reliability.<\/p>\n<\/div>\n<p>&nbsp;<\/p>\n<p>&nbsp;<\/p>\n<hr \/>\n<p>&nbsp;<\/p>\n<h3 class=\"m_-680269316508803091xmsonormal\"><strong><span lang=\"EN-US\">CombiBreaker Mini Titan Customer Case<\/span><\/strong><span lang=\"EN-US\"><br \/>\n<\/span><i><span lang=\"EN-US\"><br \/>\n\u201dWe have been using the CombiBreaker Mini Titan in our daily production since 2019. We mainly use if to crush all kind of beef bones. During this time we have not had any technical failure or issue with the machine. With the new execution, the cleanability have been even further improved. So yes, we can definitely recommend the machine.&#8221;<\/span><\/i><u><\/u><u><\/u><\/h3>\n<p class=\"m_-680269316508803091xmsonormal\"><u><\/u><u><\/u><i><span lang=\"EN-US\">Pekka Karhu<br \/>\n<\/span><\/i><i><span lang=\"EN-US\">Process Owner<br \/>\nPork and Beef slaughtering and deboning<br \/>\nSnellman K\u00f6ttf\u00f6r\u00e4dling Ab<br \/>\n<\/span><\/i><img loading=\"lazy\" decoding=\"async\" class=\"alignnone wp-image-2367\" src=\"https:\/\/www.finmatec.fi\/food-processing\/wp-content\/uploads\/2025\/05\/Snellman-logo-300x233.png\" alt=\"\" width=\"109\" height=\"85\" srcset=\"https:\/\/www.finmatec.fi\/food-processing\/wp-content\/uploads\/2025\/05\/Snellman-logo-300x233.png 300w, https:\/\/www.finmatec.fi\/food-processing\/wp-content\/uploads\/2025\/05\/Snellman-logo-600x467.png 600w, https:\/\/www.finmatec.fi\/food-processing\/wp-content\/uploads\/2025\/05\/Snellman-logo.png 720w\" sizes=\"auto, (max-width: 109px) 100vw, 109px\" \/><\/p>\n<hr \/>\n<div>\n<div>\n<div>\n<p>&nbsp;<\/p>\n<div class=\"entry-content-asset videofit\"><iframe loading=\"lazy\" title=\"CombiBreaker Breaking blocks &amp; Chrushing bones\" width=\"720\" height=\"405\" src=\"https:\/\/www.youtube.com\/embed\/x4Fr5uqHke4?feature=oembed\" frameborder=\"0\" allow=\"accelerometer; autoplay; clipboard-write; encrypted-media; gyroscope; picture-in-picture; web-share\" referrerpolicy=\"strict-origin-when-cross-origin\" allowfullscreen><\/iframe><\/div>\n<\/div>\n<\/div>\n<\/div>\n","protected":false},"excerpt":{"rendered":"<p>The CombiBreaker Mini Titan from Finmatec is designed for efficient crushing of frozen blocks and bones. Equipped with a robust SEW gear motor and compact dimensions, it offers reliable performance and space-saving integration in food and pet food processing lines. Ideal for medium-scale production environments. The machine is available in two executions, Type L with a 11 kW motor and Type XL with a 18,5 kW motor.<\/p>\n<p>Want a deeper look at performance, integration, and real-world operation? Read our <a href=\"https:\/\/www.finmatec.fi\/food-processing\/posts\/frozen-block-breaker-mini-titan\/\">Frozen block Breaker &amp; Bone Crushing Machine article<\/a>.<\/p>\n<p><span style=\"color: #ffffff;\"><strong><button><a style=\"color: #ffffff;\" href=\"https:\/\/www.finmatec.fi\/food-processing\/wp-content\/uploads\/2025\/05\/CombiBreaker_DIGI-version_NEW.pdf\">Product sheet PDF<\/a><\/button><\/strong><\/span><\/p>\n<p><span style=\"color: #ffffff;\"><strong><button><a style=\"color: #ffffff;\" href=\"https:\/\/www.finmatec.fi\/food-processing\/contact\/\">Request a quote<\/a><\/button><\/strong><\/span><\/p>\n","protected":false},"featured_media":2553,"comment_status":"open","ping_status":"closed","template":"","meta":{"_acf_changed":false,"_kad_blocks_custom_css":"","_kad_blocks_head_custom_js":"","_kad_blocks_body_custom_js":"","_kad_blocks_footer_custom_js":"","_kad_post_transparent":"default","_kad_post_title":"","_kad_post_layout":"default","_kad_post_sidebar_id":"","_kad_post_content_style":"default","_kad_post_vertical_padding":"default","_kad_post_feature":"","_kad_post_feature_position":"","_kad_post_header":false,"_kad_post_footer":false,"_kad_post_classname":""},"product_brand":[],"product_cat":[30],"product_tag":[58,59,60],"class_list":{"0":"post-2109","1":"product","2":"type-product","3":"status-publish","4":"has-post-thumbnail","6":"product_cat-titan","7":"product_tag-combibreaker-food-processing","8":"product_tag-combibreaker-meat-processing","9":"product_tag-titan-combibreaker","11":"first","12":"instock","13":"shipping-taxable","14":"product-type-simple","15":"entry","16":"content-bg","17":"loop-entry"},"acf":[],"taxonomy_info":{"product_cat":[{"value":30,"label":"Titan"}],"product_tag":[{"value":58,"label":"combibreaker food processing"},{"value":59,"label":"combibreaker meat processing"},{"value":60,"label":"titan combibreaker"}]},"featured_image_src_large":["https:\/\/www.finmatec.fi\/food-processing\/wp-content\/uploads\/2025\/05\/00084730-1024x576.png",1024,576,true],"author_info":[],"comment_info":0,"_links":{"self":[{"href":"https:\/\/www.finmatec.fi\/food-processing\/wp-json\/wp\/v2\/product\/2109","targetHints":{"allow":["GET"]}}],"collection":[{"href":"https:\/\/www.finmatec.fi\/food-processing\/wp-json\/wp\/v2\/product"}],"about":[{"href":"https:\/\/www.finmatec.fi\/food-processing\/wp-json\/wp\/v2\/types\/product"}],"replies":[{"embeddable":true,"href":"https:\/\/www.finmatec.fi\/food-processing\/wp-json\/wp\/v2\/comments?post=2109"}],"wp:featuredmedia":[{"embeddable":true,"href":"https:\/\/www.finmatec.fi\/food-processing\/wp-json\/wp\/v2\/media\/2553"}],"wp:attachment":[{"href":"https:\/\/www.finmatec.fi\/food-processing\/wp-json\/wp\/v2\/media?parent=2109"}],"wp:term":[{"taxonomy":"product_brand","embeddable":true,"href":"https:\/\/www.finmatec.fi\/food-processing\/wp-json\/wp\/v2\/product_brand?post=2109"},{"taxonomy":"product_cat","embeddable":true,"href":"https:\/\/www.finmatec.fi\/food-processing\/wp-json\/wp\/v2\/product_cat?post=2109"},{"taxonomy":"product_tag","embeddable":true,"href":"https:\/\/www.finmatec.fi\/food-processing\/wp-json\/wp\/v2\/product_tag?post=2109"}],"curies":[{"name":"wp","href":"https:\/\/api.w.org\/{rel}","templated":true}]}}